{"id":6,"date":"2024-03-05T14:07:16","date_gmt":"2024-03-05T14:07:16","guid":{"rendered":"http:\/\/etc-verlag.de\/?page_id=6"},"modified":"2025-01-31T15:52:01","modified_gmt":"2025-01-31T15:52:01","slug":"etc-verlag","status":"publish","type":"page","link":"https:\/\/etc-verlag.de\/","title":{"rendered":"Willkommen beim etc-Verlag!"},"content":{"rendered":"\n<p>etc ist das Akronym zu <strong>enjoy the challenge<\/strong>, dem Leitmotiv des Verlags. Mit Themen rund um zukunftsf\u00e4hige Arbeits- und Bildungskonzepte leistet der etc-Verlag seinen Beitrag Menschen zusammenzubringen, um gemeinsam generationen- und disziplin\u00fcbergreifend eine lebenswerte Zukunft mitzugestalten.<br>Wir stehen noch ganz am Anfang, wollen aber an und mit neuen Aufgaben und Herausforderungen kontinuierlich wachsen.<br>Wir freuen uns, wenn Du den Weg mit uns gehst \u2026 <\/p>\n\n\n\n<div class=\"wp-block-columns is-layout-flex wp-container-core-columns-layout-1 wp-block-columns-is-layout-flex\">\n<div class=\"wp-block-column is-vertically-aligned-bottom is-layout-flow wp-block-column-is-layout-flow\">\n<p class=\"has-text-align-right\"><mark style=\"background-color:rgba(0, 0, 0, 0)\" class=\"has-inline-color has-white-color\">Die B\u00fccher des etc-Verlags sind erh\u00e4ltlich bei <strong>screenshot<\/strong> <br>in der Sredzkistra\u00dfe 24, 10435 Berlin-Prenzlauer Berg (N\u00e4he Kulturbrauerei).<br>\u00d6ffnungszeiten: <strong>Mo-Fr, 11:00 bis 18:00 Uhr<\/strong> <\/mark><\/p>\n<\/div>\n<\/div>\n","protected":false},"excerpt":{"rendered":"<p>etc ist das Akronym zu enjoy the challenge, dem Leitmotiv des Verlags. Mit Themen rund um zukunftsf\u00e4hige Arbeits- und Bildungskonzepte leistet der [&hellip;]<\/p>\n","protected":false},"author":1,"featured_media":0,"parent":0,"menu_order":0,"comment_status":"closed","ping_status":"closed","template":"","meta":{"footnotes":""},"_links":{"self":[{"href":"https:\/\/etc-verlag.de\/index.php?rest_route=\/wp\/v2\/pages\/6"}],"collection":[{"href":"https:\/\/etc-verlag.de\/index.php?rest_route=\/wp\/v2\/pages"}],"about":[{"href":"https:\/\/etc-verlag.de\/index.php?rest_route=\/wp\/v2\/types\/page"}],"author":[{"embeddable":true,"href":"https:\/\/etc-verlag.de\/index.php?rest_route=\/wp\/v2\/users\/1"}],"replies":[{"embeddable":true,"href":"https:\/\/etc-verlag.de\/index.php?rest_route=%2Fwp%2Fv2%2Fcomments&post=6"}],"version-history":[{"count":9,"href":"https:\/\/etc-verlag.de\/index.php?rest_route=\/wp\/v2\/pages\/6\/revisions"}],"predecessor-version":[{"id":210,"href":"https:\/\/etc-verlag.de\/index.php?rest_route=\/wp\/v2\/pages\/6\/revisions\/210"}],"wp:attachment":[{"href":"https:\/\/etc-verlag.de\/index.php?rest_route=%2Fwp%2Fv2%2Fmedia&parent=6"}],"curies":[{"name":"wp","href":"https:\/\/api.w.org\/{rel}","templated":true}]}}