{"id":56,"date":"2024-10-10T08:41:29","date_gmt":"2024-10-10T08:41:29","guid":{"rendered":"http:\/\/etc-verlag.de\/?page_id=56"},"modified":"2025-01-31T18:45:08","modified_gmt":"2025-01-31T18:45:08","slug":"buecher","status":"publish","type":"page","link":"http:\/\/etc-verlag.de\/?page_id=56","title":{"rendered":"Publikationen"},"content":{"rendered":"\n<p><mark style=\"background-color:rgba(0, 0, 0, 0)\" class=\"has-inline-color has-white-color\">Die folgenden im etc-Verlag erschienenen B\u00fccher k\u00f6nnen \u00fcber die Men\u00fcleiste (oben rechts) oder den Buchhandel bestellt werden. <\/mark><br><mark style=\"background-color:rgba(0, 0, 0, 0)\" class=\"has-inline-color has-white-color\">Dar\u00fcber hinaus sind sie bei <strong>screenshot<\/strong> in Berlin-Prenzlauer Berg, Sredzkistra\u00dfe 24 (in der N\u00e4he der Kulturbrauerei) erh\u00e4ltlich. <\/mark><br><mark style=\"background-color:rgba(0, 0, 0, 0)\" class=\"has-inline-color has-white-color\">\u00d6ffnungszeiten: <strong>Mo-Fr, 11:00 bis 18:00 Uhr<\/strong><\/mark><\/p>\n\n\n\n<div style=\"height:38px\" aria-hidden=\"true\" class=\"wp-block-spacer\"><\/div>\n\n\n\n<div class=\"wp-block-columns is-layout-flex wp-container-core-columns-layout-1 wp-block-columns-is-layout-flex\">\n<div class=\"wp-block-column is-layout-flow wp-block-column-is-layout-flow\" style=\"flex-basis:33.33%\">\n<figure class=\"wp-block-image size-full\"><img loading=\"lazy\" decoding=\"async\" width=\"397\" height=\"559\" src=\"http:\/\/etc-verlag.de\/wp-content\/uploads\/2024\/10\/Cover_TopTeamwork_ohneRand.png\" alt=\"\" class=\"wp-image-194\" srcset=\"http:\/\/etc-verlag.de\/wp-content\/uploads\/2024\/10\/Cover_TopTeamwork_ohneRand.png 397w, http:\/\/etc-verlag.de\/wp-content\/uploads\/2024\/10\/Cover_TopTeamwork_ohneRand-213x300.png 213w, http:\/\/etc-verlag.de\/wp-content\/uploads\/2024\/10\/Cover_TopTeamwork_ohneRand-230x324.png 230w, http:\/\/etc-verlag.de\/wp-content\/uploads\/2024\/10\/Cover_TopTeamwork_ohneRand-350x493.png 350w\" sizes=\"(max-width: 397px) 100vw, 397px\" \/><\/figure>\n<\/div>\n\n\n\n<div class=\"wp-block-column is-layout-flow wp-block-column-is-layout-flow\" style=\"flex-basis:66.66%\">\n<figure class=\"wp-block-image size-large is-resized\"><img loading=\"lazy\" decoding=\"async\" width=\"1024\" height=\"340\" src=\"http:\/\/etc-verlag.de\/wp-content\/uploads\/2024\/10\/TopTeam_Header-1024x340.png\" alt=\"\" class=\"wp-image-179\" style=\"width:752px;height:auto\" srcset=\"http:\/\/etc-verlag.de\/wp-content\/uploads\/2024\/10\/TopTeam_Header-1024x340.png 1024w, http:\/\/etc-verlag.de\/wp-content\/uploads\/2024\/10\/TopTeam_Header-300x100.png 300w, http:\/\/etc-verlag.de\/wp-content\/uploads\/2024\/10\/TopTeam_Header-768x255.png 768w, http:\/\/etc-verlag.de\/wp-content\/uploads\/2024\/10\/TopTeam_Header-1536x511.png 1536w, http:\/\/etc-verlag.de\/wp-content\/uploads\/2024\/10\/TopTeam_Header-1000x332.png 1000w, http:\/\/etc-verlag.de\/wp-content\/uploads\/2024\/10\/TopTeam_Header-230x76.png 230w, http:\/\/etc-verlag.de\/wp-content\/uploads\/2024\/10\/TopTeam_Header-350x116.png 350w, http:\/\/etc-verlag.de\/wp-content\/uploads\/2024\/10\/TopTeam_Header-480x160.png 480w, http:\/\/etc-verlag.de\/wp-content\/uploads\/2024\/10\/TopTeam_Header.png 1543w\" sizes=\"(max-width: 1024px) 100vw, 1024px\" \/><figcaption class=\"wp-element-caption\"><mark style=\"background-color:rgba(0, 0, 0, 0)\" class=\"has-inline-color has-white-color\"><strong>TOP TEAMWORK!<\/strong><br>Ideen, Superkr\u00e4fte und sich selbst im Team entfalten <\/mark><br>80 Seiten, ISBN 978-3-9826163-1-5<br>Preis: <strong><mark style=\"background-color:rgba(0, 0, 0, 0)\" class=\"has-inline-color has-white-color\">16,00 \u20ac<\/mark><\/strong> versandkostenfrei<br><br>Ausgehend vom Wandel der Arbeit im Zuge zunehmender Digitalisierung widmet sich dieses Buch den F\u00e4higkeiten, die in der neuen Arbeits- und Lernwelt (New Work und New Learning) unverzichtbar sind. Fokussiert werden dabei die Themen Teamwork und agiles Arbeiten in Schule, Studium und Beruf. Mit praxiserprobten agilen Methoden, wie Design Thinking und Scrum, inspiriert das Buch zu einer Teamarbeit, die Herausforderungen als Chancen begreift und alle Beteiligten dazu bef\u00e4higt, kreativ, produktiv und gewinnbringend zusammenzuarbeiten. Basierend auf jahrelangen Seminar- und Workshop-Erfahrungen richtet es sich an Lernende, Lehrende sowie F\u00fchrungskr\u00e4fte mit dem Ziel, sie f\u00fcr konstruktive und innovative Teamarbeit zu begeistern.<br><br><sup><em>Zur Autorin: <mark style=\"background-color:rgba(0, 0, 0, 0)\" class=\"has-inline-color has-white-color\">Dr. <strong>Anke Steinborn<\/strong><\/mark> absolvierte ihr Studium der Kultur- und Filmwissenschaft sowie Kunstgeschichte in Berlin, London und Los Angeles. Im Jahr 2013 folgte die Promotion im Fach Medienkultur in Weimar. Sie ist als Creative Consultant und Coach f\u00fcr Unternehmen, Institutionen und Privatpersonen t\u00e4tig, engagiert sich in der akademischen Lehre und Forschung zu den Themen Science Fiction als Mind-Opener zuk\u00fcnftiger Herausforderungen, Agile Methoden in Lehre und in Beruf sowie wissenschaftliches und kreatives Schreiben. Mehr Informationen unter: <a href=\"http:\/\/ankesteinborn.de\/\" target=\"_blank\" rel=\"noreferrer noopener\"><mark style=\"background-color:rgba(0, 0, 0, 0)\" class=\"has-inline-color has-white-color\">www.ankesteinborn.d<\/mark><\/a><a href=\"http:\/\/ankesteinborn.de\/\"><mark style=\"background-color:rgba(0, 0, 0, 0)\" class=\"has-inline-color has-white-color\">e<\/mark><\/a><\/em><\/sup><\/figcaption><\/figure>\n\n\n\n<div data-wp-interactive=\"\" class=\"wp-block-file alignleft\"><object data-wp-bind--hidden=\"!selectors.core.file.hasPdfPreview\" hidden class=\"wp-block-file__embed\" data=\"http:\/\/etc-verlag.de\/wp-content\/uploads\/2024\/10\/TopTeam_Inhalt.pdf\" type=\"application\/pdf\" style=\"width:100%;height:370px\" aria-label=\"Einbettung von Inhaltsverzeichnis.\"><\/object><a id=\"wp-block-file--media-28c54878-de8f-41df-b426-b703b3de696f\" href=\"http:\/\/etc-verlag.de\/wp-content\/uploads\/2024\/10\/TopTeam_Inhalt.pdf\">Inhaltsverzeichnis<\/a><a href=\"http:\/\/etc-verlag.de\/wp-content\/uploads\/2024\/10\/TopTeam_Inhalt.pdf\" class=\"wp-block-file__button wp-element-button\" download aria-describedby=\"wp-block-file--media-28c54878-de8f-41df-b426-b703b3de696f\">Herunterladen<\/a><\/div>\n<\/div>\n<\/div>\n\n\n\n<div style=\"height:26px\" aria-hidden=\"true\" class=\"wp-block-spacer\"><\/div>\n\n\n\n<div class=\"wp-block-columns is-layout-flex wp-container-core-columns-layout-2 wp-block-columns-is-layout-flex\">\n<div class=\"wp-block-column is-layout-flow wp-block-column-is-layout-flow\" style=\"flex-basis:33.33%\">\n<figure class=\"wp-block-image size-full\"><img loading=\"lazy\" decoding=\"async\" width=\"420\" height=\"559\" src=\"http:\/\/etc-verlag.de\/wp-content\/uploads\/2024\/10\/SmartSchr_Cover1-1.png\" alt=\"\" class=\"wp-image-172\" srcset=\"http:\/\/etc-verlag.de\/wp-content\/uploads\/2024\/10\/SmartSchr_Cover1-1.png 420w, http:\/\/etc-verlag.de\/wp-content\/uploads\/2024\/10\/SmartSchr_Cover1-1-225x300.png 225w, http:\/\/etc-verlag.de\/wp-content\/uploads\/2024\/10\/SmartSchr_Cover1-1-230x306.png 230w, http:\/\/etc-verlag.de\/wp-content\/uploads\/2024\/10\/SmartSchr_Cover1-1-350x466.png 350w\" sizes=\"(max-width: 420px) 100vw, 420px\" \/><\/figure>\n<\/div>\n\n\n\n<div class=\"wp-block-column is-layout-flow wp-block-column-is-layout-flow\" style=\"flex-basis:66.66%\">\n<figure class=\"wp-block-image size-large is-resized\"><img loading=\"lazy\" decoding=\"async\" width=\"1024\" height=\"340\" src=\"http:\/\/etc-verlag.de\/wp-content\/uploads\/2024\/10\/SmartSchr_Header-7-1024x340.png\" alt=\"\" class=\"wp-image-171\" style=\"width:751px;height:auto\" srcset=\"http:\/\/etc-verlag.de\/wp-content\/uploads\/2024\/10\/SmartSchr_Header-7-1024x340.png 1024w, http:\/\/etc-verlag.de\/wp-content\/uploads\/2024\/10\/SmartSchr_Header-7-300x100.png 300w, http:\/\/etc-verlag.de\/wp-content\/uploads\/2024\/10\/SmartSchr_Header-7-768x255.png 768w, http:\/\/etc-verlag.de\/wp-content\/uploads\/2024\/10\/SmartSchr_Header-7-1536x511.png 1536w, http:\/\/etc-verlag.de\/wp-content\/uploads\/2024\/10\/SmartSchr_Header-7-1000x332.png 1000w, http:\/\/etc-verlag.de\/wp-content\/uploads\/2024\/10\/SmartSchr_Header-7-230x76.png 230w, http:\/\/etc-verlag.de\/wp-content\/uploads\/2024\/10\/SmartSchr_Header-7-350x116.png 350w, http:\/\/etc-verlag.de\/wp-content\/uploads\/2024\/10\/SmartSchr_Header-7-480x160.png 480w, http:\/\/etc-verlag.de\/wp-content\/uploads\/2024\/10\/SmartSchr_Header-7.png 1543w\" sizes=\"(max-width: 1024px) 100vw, 1024px\" \/><figcaption class=\"wp-element-caption\"><mark style=\"background-color:rgba(0, 0, 0, 0)\" class=\"has-inline-color has-white-color\"><strong>SMART SCHREIBEN!<\/strong><br>Wissenschaftlich Schreiben mit Herz, Verstand und einem Plan<\/mark><br>91 Seiten, ISBN 978-3-9826163-0-8<br>Preis: <strong><mark style=\"background-color:rgba(0, 0, 0, 0)\" class=\"has-inline-color has-white-color\">17,50 \u20ac<\/mark><\/strong> versandkostenfrei<br><br>Mit ausgew\u00e4hlten Methoden und Strategien, die auf mehrj\u00e4hrigen Lehr- und Workshoperfahrungen im akademischen Bereich basieren, werden Schreibinteressierte, aber auch anf\u00e4ngliche Skeptiker:innen ermuntert, (wissenschaftliches) Schreiben als Weg zur Entfaltung individueller Denkprozesse zu begreifen. Schritt f\u00fcr Schritt begleitet das Buch durch den Schreibprozess und regt zum Mitmachen an. Ziel ist es Sch\u00fclerinnen, Sch\u00fclern, Studierenden und Lehrenden die Erfahrung zu vermitteln, dass wissenschaftliches Schreiben durchaus kreativ, leicht und begl\u00fcckend sein kann.<br><br><sup><em>Zur Autorin: <mark style=\"background-color:rgba(0, 0, 0, 0)\" class=\"has-inline-color has-white-color\">Dr. <strong>Anke Steinborn<\/strong><\/mark> absolvierte ihr Studium der Kultur- und Filmwissenschaft sowie Kunstgeschichte in Berlin, London und Los Angeles. Im Jahr 2013 folgte die Promotion im Fach Medienkultur in Weimar. Sie ist als Creative Consultant und Coach f\u00fcr Unternehmen, Institutionen und Privatpersonen t\u00e4tig, engagiert sich in der akademischen Lehre und Forschung zu den Themen Science Fiction als Mind-Opener zuk\u00fcnftiger Herausforderungen, Agile Methoden in Lehre und Beruf sowie wissenschaftliches und kreatives Schreiben. Mehr Informationen unter: <a href=\"http:\/\/ankesteinborn.de\/\" target=\"_blank\" rel=\"noreferrer noopener\"><mark style=\"background-color:rgba(0, 0, 0, 0)\" class=\"has-inline-color has-white-color\">www.ankesteinborn.d<\/mark><\/a><a href=\"http:\/\/ankesteinborn.de\/\"><mark style=\"background-color:rgba(0, 0, 0, 0)\" class=\"has-inline-color has-white-color\">e<\/mark><\/a><\/em><\/sup><\/figcaption><\/figure>\n\n\n\n<div data-wp-interactive=\"\" class=\"wp-block-file alignleft\"><object data-wp-bind--hidden=\"!selectors.core.file.hasPdfPreview\" hidden class=\"wp-block-file__embed\" data=\"http:\/\/etc-verlag.de\/wp-content\/uploads\/2024\/10\/SmartSchr_Inhalt.pdf\" type=\"application\/pdf\" style=\"width:100%;height:400px\" aria-label=\"Einbettung von Inhaltsverzeichnis.\"><\/object><a id=\"wp-block-file--media-542299ff-b516-491a-9220-ed5601d3a4ef\" href=\"http:\/\/etc-verlag.de\/wp-content\/uploads\/2024\/10\/SmartSchr_Inhalt.pdf\">Inhaltsverzeichnis<\/a><a href=\"http:\/\/etc-verlag.de\/wp-content\/uploads\/2024\/10\/SmartSchr_Inhalt.pdf\" class=\"wp-block-file__button wp-element-button\" download aria-describedby=\"wp-block-file--media-542299ff-b516-491a-9220-ed5601d3a4ef\">Herunterladen<\/a><\/div>\n<\/div>\n<\/div>\n","protected":false},"excerpt":{"rendered":"<p>Die folgenden im etc-Verlag erschienenen B\u00fccher k\u00f6nnen \u00fcber die Men\u00fcleiste (oben rechts) oder den Buchhandel bestellt werden. Dar\u00fcber hinaus sind sie bei [&hellip;]<\/p>\n","protected":false},"author":1,"featured_media":0,"parent":0,"menu_order":0,"comment_status":"closed","ping_status":"closed","template":"","meta":{"footnotes":""},"_links":{"self":[{"href":"http:\/\/etc-verlag.de\/index.php?rest_route=\/wp\/v2\/pages\/56"}],"collection":[{"href":"http:\/\/etc-verlag.de\/index.php?rest_route=\/wp\/v2\/pages"}],"about":[{"href":"http:\/\/etc-verlag.de\/index.php?rest_route=\/wp\/v2\/types\/page"}],"author":[{"embeddable":true,"href":"http:\/\/etc-verlag.de\/index.php?rest_route=\/wp\/v2\/users\/1"}],"replies":[{"embeddable":true,"href":"http:\/\/etc-verlag.de\/index.php?rest_route=%2Fwp%2Fv2%2Fcomments&post=56"}],"version-history":[{"count":74,"href":"http:\/\/etc-verlag.de\/index.php?rest_route=\/wp\/v2\/pages\/56\/revisions"}],"predecessor-version":[{"id":227,"href":"http:\/\/etc-verlag.de\/index.php?rest_route=\/wp\/v2\/pages\/56\/revisions\/227"}],"wp:attachment":[{"href":"http:\/\/etc-verlag.de\/index.php?rest_route=%2Fwp%2Fv2%2Fmedia&parent=56"}],"curies":[{"name":"wp","href":"https:\/\/api.w.org\/{rel}","templated":true}]}}